{"id":79,"date":"2024-10-01T06:14:02","date_gmt":"2024-10-01T06:14:02","guid":{"rendered":"https:\/\/thomasblicker.online\/start\/"},"modified":"2024-10-07T17:08:25","modified_gmt":"2024-10-07T17:08:25","slug":"start","status":"publish","type":"page","link":"https:\/\/thomasblicker.online\/en\/","title":{"rendered":"Start"},"content":{"rendered":"<div class=\"wp-block-group alignfull has-background-background-color has-background has-global-padding is-layout-constrained wp-container-core-group-is-layout-6fa30f3f wp-block-group-is-layout-constrained\" style=\"margin-top:0;margin-bottom:0;padding-top:0;padding-right:0;padding-bottom:0;padding-left:0\">\n<div class=\"wp-block-cover alignfull\" style=\"padding-right:var(--wp--preset--spacing--40);padding-left:var(--wp--preset--spacing--40);min-height:60vh;aspect-ratio:unset;\"><span aria-hidden=\"true\" class=\"wp-block-cover__background has-black-background-color has-background-dim-60 has-background-dim\"><\/span><img loading=\"lazy\" decoding=\"async\" width=\"1280\" height=\"853\" class=\"wp-block-cover__image-background wp-image-94\" alt=\"\" src=\"https:\/\/thomasblicker.online\/wp-content\/uploads\/2024\/10\/11cfbe011e819d6f2e1d3c3afb48cde4baec37c8.jpg\" data-object-fit=\"cover\" srcset=\"https:\/\/thomasblicker.online\/wp-content\/uploads\/2024\/10\/11cfbe011e819d6f2e1d3c3afb48cde4baec37c8.jpg 1280w, https:\/\/thomasblicker.online\/wp-content\/uploads\/2024\/10\/11cfbe011e819d6f2e1d3c3afb48cde4baec37c8-300x200.jpg 300w, https:\/\/thomasblicker.online\/wp-content\/uploads\/2024\/10\/11cfbe011e819d6f2e1d3c3afb48cde4baec37c8-1024x682.jpg 1024w, https:\/\/thomasblicker.online\/wp-content\/uploads\/2024\/10\/11cfbe011e819d6f2e1d3c3afb48cde4baec37c8-768x512.jpg 768w\" sizes=\"auto, (max-width: 1280px) 100vw, 1280px\" \/><div class=\"wp-block-cover__inner-container is-layout-flow wp-block-cover-is-layout-flow\">\n<div class=\"wp-block-group has-global-padding is-layout-constrained wp-block-group-is-layout-constrained\" style=\"padding-top:var(--wp--preset--spacing--80);padding-bottom:var(--wp--preset--spacing--80)\">\n<h1 class=\"wp-block-heading alignwide has-text-align-center has-white-color has-text-color\" style=\"margin-top:12px\">Technical translations, localization, <br>MTPE and more \u2013<br>reliable and cost-efficient<\/h1>\n<\/div>\n<\/div><\/div>\n<\/div>\n\n\n\n<div class=\"wp-block-group alignfull has-tertiary-background-color has-background has-global-padding is-layout-constrained wp-container-core-group-is-layout-7276a2bb wp-block-group-is-layout-constrained\" id=\"produkte\" style=\"margin-top:0;margin-bottom:0;padding-top:var(--wp--preset--spacing--60);padding-right:var(--wp--preset--spacing--30);padding-bottom:var(--wp--preset--spacing--60);padding-left:var(--wp--preset--spacing--30)\">\n<h2 class=\"wp-block-heading has-large-font-size\">Your contact for international communication<\/h2>\n\n\n\n<p style=\"margin-top:16px\" class=\"translation-block\">Working as a freelance translator for English and Italian for many years, I have specialized in three areas: <strong>technical translations<\/strong>, <strong>localization<\/strong> and <strong>machine translation post-editing<\/strong>. Based on the experience and knowledge gained I am able to contribute to the success of your project and look forward to hearing from you.<\/p>\n\n\n\n<div class=\"wp-block-group alignwide has-global-padding is-layout-constrained wp-block-group-is-layout-constrained\">\n<div class=\"wp-block-buttons is-content-justification-center is-layout-flex wp-container-core-buttons-is-layout-a89b3969 wp-block-buttons-is-layout-flex\">\n<div class=\"wp-block-button\"><a class=\"wp-block-button__link wp-element-button\" href=\"https:\/\/thomasblicker.online\/en\/dienstleistungen\/\">Learn more<\/a><\/div>\n\n\n\n<div class=\"wp-block-button\"><a class=\"wp-block-button__link wp-element-button\" href=\"https:\/\/thomasblicker.online\/en\/kontakt\/\">Start your project<\/a><\/div>\n<\/div>\n<\/div>\n<\/div>","protected":false},"excerpt":{"rendered":"<p>Ihr Ansprechpartner f\u00fcr Ihre internationale Kommunikation Im Laufe meiner langj\u00e4hrigen T\u00e4tigkeit als freiberuflicher \u00dcbersetzer f\u00fcr Englisch und Italienisch habe ich mich auf drei Bereiche spezialisiert: Fach\u00fcbersetzungen, Lokalisierung und Machine Translation Post-Editing. Mit den gewonnenen Erfahrungen und Kenntnissen kann ich meinen Beitrag zum Erfolg Ihres Projekts leisten und freue mich auf Ihre Anfrage.<\/p>","protected":false},"author":1,"featured_media":0,"parent":0,"menu_order":0,"comment_status":"closed","ping_status":"closed","template":"no-title","meta":{"footnotes":""},"class_list":["post-79","page","type-page","status-publish","hentry"],"_links":{"self":[{"href":"https:\/\/thomasblicker.online\/en\/wp-json\/wp\/v2\/pages\/79","targetHints":{"allow":["GET"]}}],"collection":[{"href":"https:\/\/thomasblicker.online\/en\/wp-json\/wp\/v2\/pages"}],"about":[{"href":"https:\/\/thomasblicker.online\/en\/wp-json\/wp\/v2\/types\/page"}],"author":[{"embeddable":true,"href":"https:\/\/thomasblicker.online\/en\/wp-json\/wp\/v2\/users\/1"}],"replies":[{"embeddable":true,"href":"https:\/\/thomasblicker.online\/en\/wp-json\/wp\/v2\/comments?post=79"}],"version-history":[{"count":18,"href":"https:\/\/thomasblicker.online\/en\/wp-json\/wp\/v2\/pages\/79\/revisions"}],"predecessor-version":[{"id":192,"href":"https:\/\/thomasblicker.online\/en\/wp-json\/wp\/v2\/pages\/79\/revisions\/192"}],"wp:attachment":[{"href":"https:\/\/thomasblicker.online\/en\/wp-json\/wp\/v2\/media?parent=79"}],"curies":[{"name":"wp","href":"https:\/\/api.w.org\/{rel}","templated":true}]}}