{"id":75,"date":"2024-10-01T06:14:01","date_gmt":"2024-10-01T06:14:01","guid":{"rendered":"https:\/\/thomasblicker.online\/ueber\/"},"modified":"2024-10-07T19:12:45","modified_gmt":"2024-10-07T19:12:45","slug":"ueber","status":"publish","type":"page","link":"https:\/\/thomasblicker.online\/en\/ueber\/","title":{"rendered":"About me"},"content":{"rendered":"<div class=\"wp-block-group alignfull has-background-background-color has-background has-global-padding is-layout-constrained wp-block-group-is-layout-constrained\" style=\"margin-top:0;margin-bottom:0;padding-top:0;padding-bottom:0\">\n<div class=\"wp-block-cover alignfull\" style=\"padding-top:0;padding-right:0;padding-bottom:0;padding-left:0;min-height:50px;aspect-ratio:unset;\"><span aria-hidden=\"true\" class=\"wp-block-cover__background has-black-background-color has-background-dim-60 has-background-dim\"><\/span><img loading=\"lazy\" decoding=\"async\" width=\"1280\" height=\"1600\" class=\"wp-block-cover__image-background wp-image-84\" alt=\"\" src=\"https:\/\/thomasblicker.online\/wp-content\/uploads\/2024\/10\/1bdeb4e481803f7a57a94cb0b224fc828a7c430f.jpg\" data-object-fit=\"cover\" srcset=\"https:\/\/thomasblicker.online\/wp-content\/uploads\/2024\/10\/1bdeb4e481803f7a57a94cb0b224fc828a7c430f.jpg 1280w, https:\/\/thomasblicker.online\/wp-content\/uploads\/2024\/10\/1bdeb4e481803f7a57a94cb0b224fc828a7c430f-240x300.jpg 240w, https:\/\/thomasblicker.online\/wp-content\/uploads\/2024\/10\/1bdeb4e481803f7a57a94cb0b224fc828a7c430f-819x1024.jpg 819w, https:\/\/thomasblicker.online\/wp-content\/uploads\/2024\/10\/1bdeb4e481803f7a57a94cb0b224fc828a7c430f-768x960.jpg 768w, https:\/\/thomasblicker.online\/wp-content\/uploads\/2024\/10\/1bdeb4e481803f7a57a94cb0b224fc828a7c430f-1229x1536.jpg 1229w\" sizes=\"auto, (max-width: 1280px) 100vw, 1280px\" \/><div class=\"wp-block-cover__inner-container is-layout-flow wp-block-cover-is-layout-flow\">\n<div class=\"wp-block-group has-global-padding is-layout-constrained wp-container-core-group-is-layout-dc79e9a9 wp-block-group-is-layout-constrained\" style=\"padding-top:var(--wp--preset--spacing--60);padding-right:var(--wp--preset--spacing--30);padding-bottom:var(--wp--preset--spacing--60);padding-left:var(--wp--preset--spacing--30)\">\n<h1 class=\"wp-block-heading has-text-align-center has-text-color has-x-large-font-size translation-block\" style=\"color:#fffffffc\">Your partner for translation and localization projects<\/h1>\n<\/div>\n<\/div><\/div>\n<\/div>\n\n\n\n<div class=\"wp-block-group alignfull has-background-background-color has-background has-global-padding is-layout-constrained wp-container-core-group-is-layout-7276a2bb wp-block-group-is-layout-constrained\" id=\"team\" style=\"margin-top:0;margin-bottom:0;padding-top:var(--wp--preset--spacing--60);padding-right:var(--wp--preset--spacing--30);padding-bottom:var(--wp--preset--spacing--60);padding-left:var(--wp--preset--spacing--30)\">\n<div class=\"wp-block-group has-global-padding is-layout-constrained wp-block-group-is-layout-constrained\">\n<h2 class=\"wp-block-heading has-text-align-left has-large-font-size translation-block\">Take advantage of my many years of<br>experience for your successful translation or localization project<\/h2>\n\n\n\n<div class=\"wp-block-columns is-layout-flex wp-container-core-columns-is-layout-28f84493 wp-block-columns-is-layout-flex\">\n<div class=\"wp-block-column is-layout-flow wp-block-column-is-layout-flow\" style=\"flex-basis:100%\">\n<figure class=\"wp-block-table\"><table class=\"has-fixed-layout\"><tbody><tr><td>Since 1999<\/td><td>Freelance translator for English and Italian, sworn translator<\/td><\/tr><tr><td>Main activities and responsibilities<\/td><td class=\"translation-block\">\u2013 Translation and review, terminology and translation memory management, software testing\n<br>\u2013 Translation and localization of software and other IT materials in numerous formats and editors\n<br>\u2013 Lead Translator for international agency, quality assurance of translations in the areas of virtualization, SDDCs, and cloud computing, machine translation post-editing<\/td><\/tr><tr><td>1994 \u2013 1999<\/td><td>Employed translator for English and Italian<\/td><\/tr><tr><td>Position<\/td><td>Key Translator, Localization Specialist<\/td><\/tr><tr><td>Main activities and responsibilities<\/td><td>Translation and review, terminology and translation memory management<\/td><\/tr><tr><td>1991 \u2013 1994<\/td><td class=\"translation-block\">\u2013 Freelance translator for English and Italian, sworn translator\n<br>\u2013 Proofreader in a newspaper publishing house<\/td><\/tr><tr><td>Main activities and responsibilities<\/td><td class=\"translation-block\">\u2013 Technical translations (law, economics, technology)\n<br>\u2013 Proofreading (newspaper articles, advertisements)<\/td><\/tr><\/tbody><\/table><\/figure>\n<\/div>\n<\/div>\n\n\n\n<h2 class=\"wp-block-heading\">Education<\/h2>\n\n\n\n<figure class=\"wp-block-table\"><table class=\"has-fixed-layout\"><tbody><tr><td>03\/2020 \u2013 02\/2021<\/td><td class=\"translation-block\">Part-time training, certification\nTechnical Communicator (tekom), Professional Level<\/td><\/tr><tr><td>1985 \u2013 1990<\/td><td class=\"translation-block\">Studies of Applied Linguistics at the Johannes Gutenberg University Mainz, Department of Applied Linguistics and Cultural Studies (FASK) in Germersheim<br><br>\n\nDiploma in Translation<\/td><\/tr><\/tbody><\/table><\/figure>\n<\/div>\n<\/div>","protected":false},"excerpt":{"rendered":"<p>Nutzen Sie meine langj\u00e4hrige Erfahrungf\u00fcr Ihr erfolgreiches \u00dcbersetzungs- oder Lokalisierungsprojekt. Seit 1999 Freiberuflicher \u00dcbersetzer f\u00fcr Englisch und Italienisch, allgemein erm\u00e4chtigter und verpflichteter \u00dcbersetzer Wichtigste T\u00e4tigkeiten und Zust\u00e4ndigkeiten \u2013 \u00dcbersetzung und \u00dcberpr\u00fcfung, Terminologie- und \u00dcbersetzungsspeicherverwaltung, Softwaretests\u2013 \u00dcbersetzung und Lokalisierung von Software und anderen Materialien aus dem IT-Bereich in zahlreichen Formaten und Editoren\u2013 Lead Translator f\u00fcr internationale [&hellip;]<\/p>\n","protected":false},"author":1,"featured_media":0,"parent":0,"menu_order":0,"comment_status":"closed","ping_status":"closed","template":"no-title","meta":{"footnotes":""},"class_list":["post-75","page","type-page","status-publish","hentry"],"_links":{"self":[{"href":"https:\/\/thomasblicker.online\/en\/wp-json\/wp\/v2\/pages\/75","targetHints":{"allow":["GET"]}}],"collection":[{"href":"https:\/\/thomasblicker.online\/en\/wp-json\/wp\/v2\/pages"}],"about":[{"href":"https:\/\/thomasblicker.online\/en\/wp-json\/wp\/v2\/types\/page"}],"author":[{"embeddable":true,"href":"https:\/\/thomasblicker.online\/en\/wp-json\/wp\/v2\/users\/1"}],"replies":[{"embeddable":true,"href":"https:\/\/thomasblicker.online\/en\/wp-json\/wp\/v2\/comments?post=75"}],"version-history":[{"count":6,"href":"https:\/\/thomasblicker.online\/en\/wp-json\/wp\/v2\/pages\/75\/revisions"}],"predecessor-version":[{"id":191,"href":"https:\/\/thomasblicker.online\/en\/wp-json\/wp\/v2\/pages\/75\/revisions\/191"}],"wp:attachment":[{"href":"https:\/\/thomasblicker.online\/en\/wp-json\/wp\/v2\/media?parent=75"}],"curies":[{"name":"wp","href":"https:\/\/api.w.org\/{rel}","templated":true}]}}